{"id":5326,"date":"2022-02-11T11:47:28","date_gmt":"2022-02-11T11:47:28","guid":{"rendered":"https:\/\/geniaglobal.com\/politica-de-cookies\/"},"modified":"2023-07-06T10:18:05","modified_gmt":"2023-07-06T10:18:05","slug":"politica-de-cookies","status":"publish","type":"page","link":"https:\/\/geniaglobal.com\/pt-pt\/politica-de-cookies\/","title":{"rendered":"Pol\u00edtica de cookies"},"content":{"rendered":"\t\t<div data-elementor-type=\"wp-page\" data-elementor-id=\"5326\" class=\"elementor elementor-5326 elementor-1758\" data-elementor-post-type=\"page\">\n\t\t\t\t\t\t<section class=\"elementor-section elementor-top-section elementor-element elementor-element-bc8ef55 elementor-section-boxed elementor-section-height-default elementor-section-height-default\" data-id=\"bc8ef55\" data-element_type=\"section\" data-e-type=\"section\" data-settings=\"{&quot;jet_parallax_layout_list&quot;:[{&quot;jet_parallax_layout_image&quot;:{&quot;url&quot;:&quot;&quot;,&quot;id&quot;:&quot;&quot;,&quot;size&quot;:&quot;&quot;},&quot;_id&quot;:&quot;8a58c88&quot;,&quot;jet_parallax_layout_image_tablet&quot;:{&quot;url&quot;:&quot;&quot;,&quot;id&quot;:&quot;&quot;,&quot;size&quot;:&quot;&quot;},&quot;jet_parallax_layout_image_mobile&quot;:{&quot;url&quot;:&quot;&quot;,&quot;id&quot;:&quot;&quot;,&quot;size&quot;:&quot;&quot;},&quot;jet_parallax_layout_speed&quot;:{&quot;unit&quot;:&quot;%&quot;,&quot;size&quot;:50,&quot;sizes&quot;:[]},&quot;jet_parallax_layout_type&quot;:&quot;scroll&quot;,&quot;jet_parallax_layout_direction&quot;:&quot;1&quot;,&quot;jet_parallax_layout_fx_direction&quot;:null,&quot;jet_parallax_layout_z_index&quot;:&quot;&quot;,&quot;jet_parallax_layout_bg_x&quot;:50,&quot;jet_parallax_layout_bg_x_tablet&quot;:&quot;&quot;,&quot;jet_parallax_layout_bg_x_mobile&quot;:&quot;&quot;,&quot;jet_parallax_layout_bg_y&quot;:50,&quot;jet_parallax_layout_bg_y_tablet&quot;:&quot;&quot;,&quot;jet_parallax_layout_bg_y_mobile&quot;:&quot;&quot;,&quot;jet_parallax_layout_bg_size&quot;:&quot;auto&quot;,&quot;jet_parallax_layout_bg_size_tablet&quot;:&quot;&quot;,&quot;jet_parallax_layout_bg_size_mobile&quot;:&quot;&quot;,&quot;jet_parallax_layout_animation_prop&quot;:&quot;transform&quot;,&quot;jet_parallax_layout_on&quot;:[&quot;desktop&quot;,&quot;tablet&quot;]}],&quot;background_background&quot;:&quot;classic&quot;}\">\n\t\t\t\t\t\t<div class=\"elementor-container elementor-column-gap-default\">\n\t\t\t\t\t<div class=\"elementor-column elementor-col-100 elementor-top-column elementor-element elementor-element-9c55175\" data-id=\"9c55175\" data-element_type=\"column\" data-e-type=\"column\">\n\t\t\t<div class=\"elementor-widget-wrap elementor-element-populated\">\n\t\t\t\t\t\t<div class=\"elementor-element elementor-element-68d69e9 elementor-widget elementor-widget-heading\" data-id=\"68d69e9\" data-element_type=\"widget\" data-e-type=\"widget\" data-widget_type=\"heading.default\">\n\t\t\t\t<div class=\"elementor-widget-container\">\n\t\t\t\t\t<h2 class=\"elementor-heading-title elementor-size-default\">Pol\u00edtica de cookies<\/h2>\t\t\t\t<\/div>\n\t\t\t\t<\/div>\n\t\t\t\t\t<\/div>\n\t\t<\/div>\n\t\t\t\t\t<\/div>\n\t\t<\/section>\n\t\t\t\t<section class=\"elementor-section elementor-top-section elementor-element elementor-element-7416b0d elementor-section-boxed elementor-section-height-default elementor-section-height-default\" data-id=\"7416b0d\" data-element_type=\"section\" data-e-type=\"section\" data-settings=\"{&quot;jet_parallax_layout_list&quot;:[{&quot;jet_parallax_layout_image&quot;:{&quot;url&quot;:&quot;&quot;,&quot;id&quot;:&quot;&quot;,&quot;size&quot;:&quot;&quot;},&quot;_id&quot;:&quot;f3bce39&quot;,&quot;jet_parallax_layout_image_tablet&quot;:{&quot;url&quot;:&quot;&quot;,&quot;id&quot;:&quot;&quot;,&quot;size&quot;:&quot;&quot;},&quot;jet_parallax_layout_image_mobile&quot;:{&quot;url&quot;:&quot;&quot;,&quot;id&quot;:&quot;&quot;,&quot;size&quot;:&quot;&quot;},&quot;jet_parallax_layout_speed&quot;:{&quot;unit&quot;:&quot;%&quot;,&quot;size&quot;:50,&quot;sizes&quot;:[]},&quot;jet_parallax_layout_type&quot;:&quot;scroll&quot;,&quot;jet_parallax_layout_direction&quot;:&quot;1&quot;,&quot;jet_parallax_layout_fx_direction&quot;:null,&quot;jet_parallax_layout_z_index&quot;:&quot;&quot;,&quot;jet_parallax_layout_bg_x&quot;:50,&quot;jet_parallax_layout_bg_x_tablet&quot;:&quot;&quot;,&quot;jet_parallax_layout_bg_x_mobile&quot;:&quot;&quot;,&quot;jet_parallax_layout_bg_y&quot;:50,&quot;jet_parallax_layout_bg_y_tablet&quot;:&quot;&quot;,&quot;jet_parallax_layout_bg_y_mobile&quot;:&quot;&quot;,&quot;jet_parallax_layout_bg_size&quot;:&quot;auto&quot;,&quot;jet_parallax_layout_bg_size_tablet&quot;:&quot;&quot;,&quot;jet_parallax_layout_bg_size_mobile&quot;:&quot;&quot;,&quot;jet_parallax_layout_animation_prop&quot;:&quot;transform&quot;,&quot;jet_parallax_layout_on&quot;:[&quot;desktop&quot;,&quot;tablet&quot;]}]}\">\n\t\t\t\t\t\t<div class=\"elementor-container elementor-column-gap-default\">\n\t\t\t\t\t<div class=\"elementor-column elementor-col-100 elementor-top-column elementor-element elementor-element-e3302bc\" data-id=\"e3302bc\" data-element_type=\"column\" data-e-type=\"column\">\n\t\t\t<div class=\"elementor-widget-wrap elementor-element-populated\">\n\t\t\t\t\t\t<div class=\"elementor-element elementor-element-632381e elementor-widget elementor-widget-text-editor\" data-id=\"632381e\" data-element_type=\"widget\" data-e-type=\"widget\" data-widget_type=\"text-editor.default\">\n\t\t\t\t<div class=\"elementor-widget-container\">\n\t\t\t\t\t\t\t\t\t<p>Devido \u00e0 entrada em vigor da referida modifica\u00e7\u00e3o da &#8220;Lei dos Servi\u00e7os da Sociedade da Informa\u00e7\u00e3o&#8221; (LSSICE) estabelecida pelo Real Decreto 13\/2012, \u00e9 obrigat\u00f3rio obter o consentimento expresso do usu\u00e1rio de todas as p\u00e1ginas da web que usam cookies descart\u00e1veis, antes de navegar por eles.<\/p>\n<\/p>\n<p>O QUE S\u00c3O COOKIES?<\/p>\n<p>Cookies e outras tecnologias semelhantes, como objetos compartilhados localmente, flash cookies ou pixels, s\u00e3o ferramentas utilizadas pelos servidores da Web para armazenar e recuperar informa\u00e7\u00f5es sobre seus visitantes, bem como para oferecer um correto funcionamento do site.<\/p>\n<\/p>\n<p>Atrav\u00e9s da utiliza\u00e7\u00e3o destes dispositivos, \u00e9 permitido ao servidor Web recordar alguns dados relativos ao utilizador, tais como as suas prefer\u00eancias de visualiza\u00e7\u00e3o das p\u00e1ginas desse servidor, nome e palavra-passe, produtos que mais lhe interessam, etc.<\/p>\n<\/p>\n<p>COOKIES AFETADOS PELO REGULAMENTO E COOKIES EXCEPTOS<\/p>\n<\/p>\n<p>De acordo com a diretiva da UE, os cookies que requerem o consentimento informado do usu\u00e1rio s\u00e3o cookies anal\u00edticos e cookies de publicidade e afilia\u00e7\u00e3o, exceto os de natureza t\u00e9cnica e os necess\u00e1rios para o funcionamento do site ou a presta\u00e7\u00e3o de servi\u00e7os. do utilizador.<\/p>\n<\/p>\n<p>QUE TIPOS DE COOKIES EXISTEM?<\/p>\n<\/p>\n<p>Relativamente aos tipos de cookies, existem cinco grandes grupos:<\/p>\n<\/p>\n<p>Cookies anal\u00edticos: recolhem informa\u00e7\u00e3o sobre a utiliza\u00e7\u00e3o que se faz do website.<\/p>\n<p>Cookies sociais: s\u00e3o aqueles necess\u00e1rios para redes sociais externas.<\/p>\n<p> Cookies de afiliados: permitem rastrear visitas de outros sites, com os quais o site estabelece um contrato de afilia\u00e7\u00e3o (empresas afiliadas).<\/p>\n<p>Cookies publicit\u00e1rios e comportamentais: recolhem informa\u00e7\u00e3o sobre as prefer\u00eancias e escolhas pessoais do utilizador (retargeting).<\/p>\n<p>Cookies t\u00e9cnicos e funcionais: s\u00e3o estritamente necess\u00e1rios para a utiliza\u00e7\u00e3o do site e para a presta\u00e7\u00e3o do servi\u00e7o contratado.<\/p>\n<\/p>\n<p>COOKIES USADOS NESTE SITE<\/p>\n<\/p>\n<p>PHPSESSID: cookie t\u00e9cnico e estritamente necess\u00e1rio que cont\u00e9m o identificador da sess\u00e3o. Ele \u00e9 exclu\u00eddo quando voc\u00ea fecha o navegador.<\/p>\n<p> _lang: cookie t\u00e9cnico e estritamente necess\u00e1rio que cont\u00e9m o idioma da sess\u00e3o Ele \u00e9 exclu\u00eddo quando voc\u00ea fecha o navegador.<\/p>\n<p> ac_cookies: cookie t\u00e9cnico e estritamente necess\u00e1rio que cont\u00e9m o valor de se a instala\u00e7\u00e3o de cookies foi aceita. Ele expira em 1 ano a partir da \u00faltima atualiza\u00e7\u00e3o.<\/p>\n<p> _ga: Cookie do Google Analytics que habilita a fun\u00e7\u00e3o exclusiva de controle de visitas. Na primeira vez que um usu\u00e1rio entrar no site por meio de um navegador, esse cookie ser\u00e1 instalado. Quando este usu\u00e1rio entrar novamente na web com o mesmo navegador, o cookie considerar\u00e1 que \u00e9 o mesmo usu\u00e1rio. Somente no caso de o usu\u00e1rio mudar de navegador, outro usu\u00e1rio ser\u00e1 considerado. Expira 2 anos a partir da \u00faltima atualiza\u00e7\u00e3o.<\/p>\n<p> _gat: Este cookie est\u00e1 associado ao Google Analytics. \u00c9 usado para limitar a taxa de solicita\u00e7\u00e3o \u2013 limitando a coleta de dados em sites de alto tr\u00e1fego. Ele expira ap\u00f3s 10 minutos.<\/p>\n<p> _gid: Este cookie est\u00e1 associado ao Google Analytics. \u00c9 usado para distinguir os usu\u00e1rios Expira em 24 horas.<\/p>\n<\/p>\n<p> REVOGA\u00c7\u00c3O DO CONSENTIMENTO DE INSTALA\u00c7\u00c3O DE COOKIES<\/p>\n<\/p>\n<p>COMO EXCLUIR COOKIES DO NAVEGADOR<\/p>\n<\/p>\n<p>CHROME<\/p>\n<\/p>\n<ol>\n<li>Selecione o \u00edcone Ferramentas<\/li>\n<li>Clique em Configura\u00e7\u00f5es<\/li>\n<li>Clique em Mostrar op\u00e7\u00f5es avan\u00e7adas.<\/li>\n<li>Na se\u00e7\u00e3o &#8220;Privacidade&#8221;, clique em Configura\u00e7\u00f5es de conte\u00fado.<\/li>\n<\/ol>\n<ul>\n<li>Excluir cookies: Clique em Todos os cookies e dados do site\u2026<\/li>\n<li>N\u00e3o permita que cookies sejam armazenados.<\/li>\n<\/ul>\n<ol start=\"5\">\n<li>Clique em Limpar dados de navega\u00e7\u00e3o (Limpar cache).<\/li>\n<li>Feche e reinicie o navegador.<\/li>\n<\/ol>\n<p>Para obter mais informa\u00e7\u00f5es sobre o Chrome, clique aqui: http:\/\/support.google.com\/chrome\/answer\/95647?hl=es<\/p>\n<\/p>\n<p>INTERNET EXPLORER. VERS\u00c3O 11<\/p>\n<\/p>\n<ol>\n<li>Selecione Ferramentas | Op\u00e7\u00f5es de Internet.<\/li>\n<li>Clique na guia Geral.<\/li>\n<li>Na se\u00e7\u00e3o &#8220;Hist\u00f3rico de navega\u00e7\u00e3o&#8221;, clique em Excluir hist\u00f3rico de navega\u00e7\u00e3o ao sair.<\/li>\n<li>Selecione Excluir arquivos.<\/li>\n<li>Selecione Excluir cookies.<\/li>\n<li>Clique em Excluir.<\/li>\n<li>Clique OK.<\/li>\n<li>Feche e reinicie o navegador.<\/li>\n<\/ol>\n<p>Para mais informa\u00e7\u00f5es sobre o Internet Explorer clique aqui: https:\/\/support.microsoft.com\/es-es\/kb\/278835<\/p>\n<\/p>\n<p>FIREFOX. VERS\u00c3O 18<\/p>\n<\/p>\n<ol>\n<li>Selecione Firefox | Hist\u00f3ria | Limpar hist\u00f3rico recente.<\/li>\n<li>Ao lado de &#8220;Detalhes&#8221;, clique na seta para baixo.<\/li>\n<li>Marque as seguintes caixas de sele\u00e7\u00e3o: Cookies, Cache, Logins ativos<\/li>\n<li>Usando o menu suspenso &#8220;Intervalo de tempo para limpar&#8221;, selecione Todos.<\/li>\n<li>Clique em Limpar agora.<\/li>\n<li>Feche e reinicie o navegador.<\/li>\n<\/ol>\n<p>Voc\u00ea pode aceitar ou rejeitar cookies individualmente nas Prefer\u00eancias do Firefox, na se\u00e7\u00e3o Hist\u00f3rico dispon\u00edvel em Ferramentas &gt; Op\u00e7\u00f5es &gt; Privacidade.<\/p>\n<\/p>\n<p>Para mais informa\u00e7\u00f5es sobre o Mozilla Firefox, clique aqui: https:\/\/www.mozilla.org\/es-ES\/privacy\/websites\/#cookies<\/p>\n<\/p>\n<p>SAFARI VERS\u00c3O 5.1<\/p>\n<\/p>\n<ol>\n<li>Selecione o \u00edcone do Safari \/ Editar | Restaurar Safari.<\/li>\n<li>Marque as seguintes caixas de sele\u00e7\u00e3o: Limpar hist\u00f3rico, Limpar todos os dados do site<\/li>\n<li>Clique em Redefinir.<\/li>\n<li>Feche e reinicie o navegador.<\/li>\n<\/ol>\n<p>Para mais informa\u00e7\u00f5es sobre o Safari, clique aqui <a href=\"https:\/\/support.apple.com\/\" target=\"_blank\" rel=\"noopener\">https:\/\/support.apple.com\/<\/a><\/p>\n<\/p>\n<p><strong>OPERA<\/strong><\/p>\n<p>Op\u00e7\u00f5es \u2013 Avan\u00e7ado \u2013 Cookies.<\/p>\n<p>As op\u00e7\u00f5es de cookies controlam a forma como o Opera os trata e, portanto, a sua aceita\u00e7\u00e3o ou rejei\u00e7\u00e3o.<\/p>\n<p>Para mais informa\u00e7\u00f5es sobre o Opera, clique aqui: <a href=\"https:\/\/help.opera.com\/en\/latest\/security-and-privacy\/#clearBrowsingData\" target=\"_blank\" rel=\"noopener\">https:\/\/help.opera.com\/en\/latest\/security-and-privacy\/#clearBrowsingData<\/a><\/p>\n<p>Outros navegadores<\/p>\n<p>Consulte a documenta\u00e7\u00e3o do navegador que voc\u00ea instalou.<\/p>\n\t\t\t\t\t\t\t\t<\/div>\n\t\t\t\t<\/div>\n\t\t\t\t\t<\/div>\n\t\t<\/div>\n\t\t\t\t\t<\/div>\n\t\t<\/section>\n\t\t\t\t<section class=\"elementor-section elementor-top-section elementor-element elementor-element-11fc756 elementor-section-boxed elementor-section-height-default elementor-section-height-default\" data-id=\"11fc756\" data-element_type=\"section\" data-e-type=\"section\" data-settings=\"{&quot;jet_parallax_layout_list&quot;:[{&quot;jet_parallax_layout_image&quot;:{&quot;url&quot;:&quot;&quot;,&quot;id&quot;:&quot;&quot;,&quot;size&quot;:&quot;&quot;},&quot;_id&quot;:&quot;f256c8b&quot;,&quot;jet_parallax_layout_image_tablet&quot;:{&quot;url&quot;:&quot;&quot;,&quot;id&quot;:&quot;&quot;,&quot;size&quot;:&quot;&quot;},&quot;jet_parallax_layout_image_mobile&quot;:{&quot;url&quot;:&quot;&quot;,&quot;id&quot;:&quot;&quot;,&quot;size&quot;:&quot;&quot;},&quot;jet_parallax_layout_speed&quot;:{&quot;unit&quot;:&quot;%&quot;,&quot;size&quot;:50,&quot;sizes&quot;:[]},&quot;jet_parallax_layout_type&quot;:&quot;scroll&quot;,&quot;jet_parallax_layout_direction&quot;:&quot;1&quot;,&quot;jet_parallax_layout_fx_direction&quot;:null,&quot;jet_parallax_layout_z_index&quot;:&quot;&quot;,&quot;jet_parallax_layout_bg_x&quot;:50,&quot;jet_parallax_layout_bg_x_tablet&quot;:&quot;&quot;,&quot;jet_parallax_layout_bg_x_mobile&quot;:&quot;&quot;,&quot;jet_parallax_layout_bg_y&quot;:50,&quot;jet_parallax_layout_bg_y_tablet&quot;:&quot;&quot;,&quot;jet_parallax_layout_bg_y_mobile&quot;:&quot;&quot;,&quot;jet_parallax_layout_bg_size&quot;:&quot;auto&quot;,&quot;jet_parallax_layout_bg_size_tablet&quot;:&quot;&quot;,&quot;jet_parallax_layout_bg_size_mobile&quot;:&quot;&quot;,&quot;jet_parallax_layout_animation_prop&quot;:&quot;transform&quot;,&quot;jet_parallax_layout_on&quot;:[&quot;desktop&quot;,&quot;tablet&quot;]}]}\">\n\t\t\t\t\t\t<div class=\"elementor-container elementor-column-gap-default\">\n\t\t\t\t\t<div class=\"elementor-column elementor-col-100 elementor-top-column elementor-element elementor-element-eb31227\" data-id=\"eb31227\" data-element_type=\"column\" data-e-type=\"column\">\n\t\t\t<div class=\"elementor-widget-wrap elementor-element-populated\">\n\t\t\t\t\t\t<div class=\"elementor-element elementor-element-133c07d elementor-widget elementor-widget-spacer\" data-id=\"133c07d\" data-element_type=\"widget\" data-e-type=\"widget\" data-widget_type=\"spacer.default\">\n\t\t\t\t<div class=\"elementor-widget-container\">\n\t\t\t\t\t\t\t<div class=\"elementor-spacer\">\n\t\t\t<div class=\"elementor-spacer-inner\"><\/div>\n\t\t<\/div>\n\t\t\t\t\t\t<\/div>\n\t\t\t\t<\/div>\n\t\t\t\t\t<\/div>\n\t\t<\/div>\n\t\t\t\t\t<\/div>\n\t\t<\/section>\n\t\t\t\t<\/div>\n\t\t","protected":false},"excerpt":{"rendered":"<p>Pol\u00edtica de cookies Devido \u00e0 entrada em vigor da referida modifica\u00e7\u00e3o da &#8220;Lei dos Servi\u00e7os da Sociedade da Informa\u00e7\u00e3o&#8221; (LSSICE) estabelecida pelo Real Decreto 13\/2012, \u00e9 obrigat\u00f3rio obter o consentimento expresso do usu\u00e1rio de todas as p\u00e1ginas da web que usam cookies descart\u00e1veis, antes de navegar por eles. O QUE S\u00c3O COOKIES? Cookies e outras [&hellip;]<\/p>\n","protected":false},"author":3,"featured_media":0,"parent":0,"menu_order":0,"comment_status":"closed","ping_status":"closed","template":"","meta":{"footnotes":""},"class_list":["post-5326","page","type-page","status-publish","hentry"],"yoast_head":"<!-- This site is optimized with the Yoast SEO plugin v27.1.1 - https:\/\/yoast.com\/product\/yoast-seo-wordpress\/ -->\n<title>Pol\u00edtica de cookies - Genia Global Energy<\/title>\n<meta name=\"robots\" content=\"index, follow, max-snippet:-1, max-image-preview:large, max-video-preview:-1\" \/>\n<link rel=\"canonical\" href=\"https:\/\/geniaglobal.com\/pt-pt\/politica-de-cookies\/\" \/>\n<meta property=\"og:locale\" content=\"pt_PT\" \/>\n<meta property=\"og:type\" content=\"article\" \/>\n<meta property=\"og:title\" content=\"Pol\u00edtica de cookies - Genia Global Energy\" \/>\n<meta property=\"og:description\" content=\"Pol\u00edtica de cookies Devido \u00e0 entrada em vigor da referida modifica\u00e7\u00e3o da &#8220;Lei dos Servi\u00e7os da Sociedade da Informa\u00e7\u00e3o&#8221; (LSSICE) estabelecida pelo Real Decreto 13\/2012, \u00e9 obrigat\u00f3rio obter o consentimento expresso do usu\u00e1rio de todas as p\u00e1ginas da web que usam cookies descart\u00e1veis, antes de navegar por eles. O QUE S\u00c3O COOKIES? Cookies e outras [&hellip;]\" \/>\n<meta property=\"og:url\" content=\"https:\/\/geniaglobal.com\/pt-pt\/politica-de-cookies\/\" \/>\n<meta property=\"og:site_name\" content=\"Genia Global Energy\" \/>\n<meta property=\"article:modified_time\" content=\"2023-07-06T10:18:05+00:00\" \/>\n<meta name=\"twitter:card\" content=\"summary_large_image\" \/>\n<meta name=\"twitter:label1\" content=\"Tempo estimado de leitura\" \/>\n\t<meta name=\"twitter:data1\" content=\"4 minutos\" \/>\n<script type=\"application\/ld+json\" class=\"yoast-schema-graph\">{\"@context\":\"https:\/\/schema.org\",\"@graph\":[{\"@type\":\"WebPage\",\"@id\":\"https:\/\/geniaglobal.com\/pt-pt\/politica-de-cookies\/\",\"url\":\"https:\/\/geniaglobal.com\/pt-pt\/politica-de-cookies\/\",\"name\":\"Pol\u00edtica de cookies - Genia Global Energy\",\"isPartOf\":{\"@id\":\"https:\/\/geniaglobal.com\/pt-pt\/#website\"},\"datePublished\":\"2022-02-11T11:47:28+00:00\",\"dateModified\":\"2023-07-06T10:18:05+00:00\",\"breadcrumb\":{\"@id\":\"https:\/\/geniaglobal.com\/pt-pt\/politica-de-cookies\/#breadcrumb\"},\"inLanguage\":\"pt-PT\",\"potentialAction\":[{\"@type\":\"ReadAction\",\"target\":[\"https:\/\/geniaglobal.com\/pt-pt\/politica-de-cookies\/\"]}]},{\"@type\":\"BreadcrumbList\",\"@id\":\"https:\/\/geniaglobal.com\/pt-pt\/politica-de-cookies\/#breadcrumb\",\"itemListElement\":[{\"@type\":\"ListItem\",\"position\":1,\"name\":\"Portada\",\"item\":\"https:\/\/geniaglobal.com\/pt-pt\/genia-global\/\"},{\"@type\":\"ListItem\",\"position\":2,\"name\":\"Pol\u00edtica de cookies\"}]},{\"@type\":\"WebSite\",\"@id\":\"https:\/\/geniaglobal.com\/pt-pt\/#website\",\"url\":\"https:\/\/geniaglobal.com\/pt-pt\/\",\"name\":\"Genia Global Energy\",\"description\":\"Soluciones de Eficiencia Energ\u00e9tica\",\"publisher\":{\"@id\":\"https:\/\/geniaglobal.com\/pt-pt\/#organization\"},\"potentialAction\":[{\"@type\":\"SearchAction\",\"target\":{\"@type\":\"EntryPoint\",\"urlTemplate\":\"https:\/\/geniaglobal.com\/pt-pt\/?s={search_term_string}\"},\"query-input\":{\"@type\":\"PropertyValueSpecification\",\"valueRequired\":true,\"valueName\":\"search_term_string\"}}],\"inLanguage\":\"pt-PT\"},{\"@type\":\"Organization\",\"@id\":\"https:\/\/geniaglobal.com\/pt-pt\/#organization\",\"name\":\"Genia Global Energy\",\"url\":\"https:\/\/geniaglobal.com\/pt-pt\/\",\"logo\":{\"@type\":\"ImageObject\",\"inLanguage\":\"pt-PT\",\"@id\":\"https:\/\/geniaglobal.com\/pt-pt\/#\/schema\/logo\/image\/\",\"url\":\"https:\/\/geniaglobal.com\/wp-content\/uploads\/2022\/02\/cropped-logo-OK.png\",\"contentUrl\":\"https:\/\/geniaglobal.com\/wp-content\/uploads\/2022\/02\/cropped-logo-OK.png\",\"width\":600,\"height\":261,\"caption\":\"Genia Global Energy\"},\"image\":{\"@id\":\"https:\/\/geniaglobal.com\/pt-pt\/#\/schema\/logo\/image\/\"}}]}<\/script>\n<!-- \/ Yoast SEO plugin. -->","yoast_head_json":{"title":"Pol\u00edtica de cookies - Genia Global Energy","robots":{"index":"index","follow":"follow","max-snippet":"max-snippet:-1","max-image-preview":"max-image-preview:large","max-video-preview":"max-video-preview:-1"},"canonical":"https:\/\/geniaglobal.com\/pt-pt\/politica-de-cookies\/","og_locale":"pt_PT","og_type":"article","og_title":"Pol\u00edtica de cookies - Genia Global Energy","og_description":"Pol\u00edtica de cookies Devido \u00e0 entrada em vigor da referida modifica\u00e7\u00e3o da &#8220;Lei dos Servi\u00e7os da Sociedade da Informa\u00e7\u00e3o&#8221; (LSSICE) estabelecida pelo Real Decreto 13\/2012, \u00e9 obrigat\u00f3rio obter o consentimento expresso do usu\u00e1rio de todas as p\u00e1ginas da web que usam cookies descart\u00e1veis, antes de navegar por eles. O QUE S\u00c3O COOKIES? Cookies e outras [&hellip;]","og_url":"https:\/\/geniaglobal.com\/pt-pt\/politica-de-cookies\/","og_site_name":"Genia Global Energy","article_modified_time":"2023-07-06T10:18:05+00:00","twitter_card":"summary_large_image","twitter_misc":{"Tempo estimado de leitura":"4 minutos"},"schema":{"@context":"https:\/\/schema.org","@graph":[{"@type":"WebPage","@id":"https:\/\/geniaglobal.com\/pt-pt\/politica-de-cookies\/","url":"https:\/\/geniaglobal.com\/pt-pt\/politica-de-cookies\/","name":"Pol\u00edtica de cookies - Genia Global Energy","isPartOf":{"@id":"https:\/\/geniaglobal.com\/pt-pt\/#website"},"datePublished":"2022-02-11T11:47:28+00:00","dateModified":"2023-07-06T10:18:05+00:00","breadcrumb":{"@id":"https:\/\/geniaglobal.com\/pt-pt\/politica-de-cookies\/#breadcrumb"},"inLanguage":"pt-PT","potentialAction":[{"@type":"ReadAction","target":["https:\/\/geniaglobal.com\/pt-pt\/politica-de-cookies\/"]}]},{"@type":"BreadcrumbList","@id":"https:\/\/geniaglobal.com\/pt-pt\/politica-de-cookies\/#breadcrumb","itemListElement":[{"@type":"ListItem","position":1,"name":"Portada","item":"https:\/\/geniaglobal.com\/pt-pt\/genia-global\/"},{"@type":"ListItem","position":2,"name":"Pol\u00edtica de cookies"}]},{"@type":"WebSite","@id":"https:\/\/geniaglobal.com\/pt-pt\/#website","url":"https:\/\/geniaglobal.com\/pt-pt\/","name":"Genia Global Energy","description":"Soluciones de Eficiencia Energ\u00e9tica","publisher":{"@id":"https:\/\/geniaglobal.com\/pt-pt\/#organization"},"potentialAction":[{"@type":"SearchAction","target":{"@type":"EntryPoint","urlTemplate":"https:\/\/geniaglobal.com\/pt-pt\/?s={search_term_string}"},"query-input":{"@type":"PropertyValueSpecification","valueRequired":true,"valueName":"search_term_string"}}],"inLanguage":"pt-PT"},{"@type":"Organization","@id":"https:\/\/geniaglobal.com\/pt-pt\/#organization","name":"Genia Global Energy","url":"https:\/\/geniaglobal.com\/pt-pt\/","logo":{"@type":"ImageObject","inLanguage":"pt-PT","@id":"https:\/\/geniaglobal.com\/pt-pt\/#\/schema\/logo\/image\/","url":"https:\/\/geniaglobal.com\/wp-content\/uploads\/2022\/02\/cropped-logo-OK.png","contentUrl":"https:\/\/geniaglobal.com\/wp-content\/uploads\/2022\/02\/cropped-logo-OK.png","width":600,"height":261,"caption":"Genia Global Energy"},"image":{"@id":"https:\/\/geniaglobal.com\/pt-pt\/#\/schema\/logo\/image\/"}}]}},"_links":{"self":[{"href":"https:\/\/geniaglobal.com\/pt-pt\/wp-json\/wp\/v2\/pages\/5326","targetHints":{"allow":["GET"]}}],"collection":[{"href":"https:\/\/geniaglobal.com\/pt-pt\/wp-json\/wp\/v2\/pages"}],"about":[{"href":"https:\/\/geniaglobal.com\/pt-pt\/wp-json\/wp\/v2\/types\/page"}],"author":[{"embeddable":true,"href":"https:\/\/geniaglobal.com\/pt-pt\/wp-json\/wp\/v2\/users\/3"}],"replies":[{"embeddable":true,"href":"https:\/\/geniaglobal.com\/pt-pt\/wp-json\/wp\/v2\/comments?post=5326"}],"version-history":[{"count":4,"href":"https:\/\/geniaglobal.com\/pt-pt\/wp-json\/wp\/v2\/pages\/5326\/revisions"}],"predecessor-version":[{"id":6132,"href":"https:\/\/geniaglobal.com\/pt-pt\/wp-json\/wp\/v2\/pages\/5326\/revisions\/6132"}],"wp:attachment":[{"href":"https:\/\/geniaglobal.com\/pt-pt\/wp-json\/wp\/v2\/media?parent=5326"}],"curies":[{"name":"wp","href":"https:\/\/api.w.org\/{rel}","templated":true}]}}