{"id":4568,"date":"2022-02-09T09:46:07","date_gmt":"2022-02-09T09:46:07","guid":{"rendered":"https:\/\/geniaglobal.com\/tous-les-articles\/"},"modified":"2024-04-01T10:31:58","modified_gmt":"2024-04-01T10:31:58","slug":"tous-les-articles","status":"publish","type":"page","link":"https:\/\/geniaglobal.com\/fr\/tous-les-articles\/","title":{"rendered":"Tous les articles"},"content":{"rendered":"\t\t<div data-elementor-type=\"wp-page\" data-elementor-id=\"4568\" class=\"elementor elementor-4568 elementor-1280\" data-elementor-post-type=\"page\">\n\t\t\t\t\t\t<section class=\"elementor-section elementor-top-section elementor-element elementor-element-7a84b6f elementor-section-boxed elementor-section-height-default elementor-section-height-default\" data-id=\"7a84b6f\" data-element_type=\"section\" data-e-type=\"section\" data-settings=\"{&quot;jet_parallax_layout_list&quot;:[{&quot;jet_parallax_layout_image&quot;:{&quot;url&quot;:&quot;&quot;,&quot;id&quot;:&quot;&quot;,&quot;size&quot;:&quot;&quot;},&quot;_id&quot;:&quot;b2a5e9c&quot;,&quot;jet_parallax_layout_image_tablet&quot;:{&quot;url&quot;:&quot;&quot;,&quot;id&quot;:&quot;&quot;,&quot;size&quot;:&quot;&quot;},&quot;jet_parallax_layout_image_mobile&quot;:{&quot;url&quot;:&quot;&quot;,&quot;id&quot;:&quot;&quot;,&quot;size&quot;:&quot;&quot;},&quot;jet_parallax_layout_speed&quot;:{&quot;unit&quot;:&quot;%&quot;,&quot;size&quot;:50,&quot;sizes&quot;:[]},&quot;jet_parallax_layout_type&quot;:&quot;scroll&quot;,&quot;jet_parallax_layout_direction&quot;:&quot;1&quot;,&quot;jet_parallax_layout_fx_direction&quot;:null,&quot;jet_parallax_layout_z_index&quot;:&quot;&quot;,&quot;jet_parallax_layout_bg_x&quot;:50,&quot;jet_parallax_layout_bg_x_tablet&quot;:&quot;&quot;,&quot;jet_parallax_layout_bg_x_mobile&quot;:&quot;&quot;,&quot;jet_parallax_layout_bg_y&quot;:50,&quot;jet_parallax_layout_bg_y_tablet&quot;:&quot;&quot;,&quot;jet_parallax_layout_bg_y_mobile&quot;:&quot;&quot;,&quot;jet_parallax_layout_bg_size&quot;:&quot;auto&quot;,&quot;jet_parallax_layout_bg_size_tablet&quot;:&quot;&quot;,&quot;jet_parallax_layout_bg_size_mobile&quot;:&quot;&quot;,&quot;jet_parallax_layout_animation_prop&quot;:&quot;transform&quot;,&quot;jet_parallax_layout_on&quot;:[&quot;desktop&quot;,&quot;tablet&quot;]}]}\">\n\t\t\t\t\t\t<div class=\"elementor-container elementor-column-gap-default\">\n\t\t\t\t\t<div class=\"elementor-column elementor-col-100 elementor-top-column elementor-element elementor-element-faf85e6\" data-id=\"faf85e6\" data-element_type=\"column\" data-e-type=\"column\">\n\t\t\t<div class=\"elementor-widget-wrap elementor-element-populated\">\n\t\t\t\t\t\t<div class=\"elementor-element elementor-element-4372fef elementor-widget elementor-widget-spacer\" data-id=\"4372fef\" data-element_type=\"widget\" data-e-type=\"widget\" data-widget_type=\"spacer.default\">\n\t\t\t\t<div class=\"elementor-widget-container\">\n\t\t\t\t\t\t\t<div class=\"elementor-spacer\">\n\t\t\t<div class=\"elementor-spacer-inner\"><\/div>\n\t\t<\/div>\n\t\t\t\t\t\t<\/div>\n\t\t\t\t<\/div>\n\t\t\t\t\t<\/div>\n\t\t<\/div>\n\t\t\t\t\t<\/div>\n\t\t<\/section>\n\t\t\t\t<section class=\"elementor-section elementor-top-section elementor-element elementor-element-0daf468 elementor-section-boxed elementor-section-height-default elementor-section-height-default\" data-id=\"0daf468\" data-element_type=\"section\" data-e-type=\"section\" data-settings=\"{&quot;jet_parallax_layout_list&quot;:[{&quot;jet_parallax_layout_image&quot;:{&quot;url&quot;:&quot;&quot;,&quot;id&quot;:&quot;&quot;,&quot;size&quot;:&quot;&quot;},&quot;_id&quot;:&quot;d126425&quot;,&quot;jet_parallax_layout_image_tablet&quot;:{&quot;url&quot;:&quot;&quot;,&quot;id&quot;:&quot;&quot;,&quot;size&quot;:&quot;&quot;},&quot;jet_parallax_layout_image_mobile&quot;:{&quot;url&quot;:&quot;&quot;,&quot;id&quot;:&quot;&quot;,&quot;size&quot;:&quot;&quot;},&quot;jet_parallax_layout_speed&quot;:{&quot;unit&quot;:&quot;%&quot;,&quot;size&quot;:50,&quot;sizes&quot;:[]},&quot;jet_parallax_layout_type&quot;:&quot;scroll&quot;,&quot;jet_parallax_layout_direction&quot;:&quot;1&quot;,&quot;jet_parallax_layout_fx_direction&quot;:null,&quot;jet_parallax_layout_z_index&quot;:&quot;&quot;,&quot;jet_parallax_layout_bg_x&quot;:50,&quot;jet_parallax_layout_bg_x_tablet&quot;:&quot;&quot;,&quot;jet_parallax_layout_bg_x_mobile&quot;:&quot;&quot;,&quot;jet_parallax_layout_bg_y&quot;:50,&quot;jet_parallax_layout_bg_y_tablet&quot;:&quot;&quot;,&quot;jet_parallax_layout_bg_y_mobile&quot;:&quot;&quot;,&quot;jet_parallax_layout_bg_size&quot;:&quot;auto&quot;,&quot;jet_parallax_layout_bg_size_tablet&quot;:&quot;&quot;,&quot;jet_parallax_layout_bg_size_mobile&quot;:&quot;&quot;,&quot;jet_parallax_layout_animation_prop&quot;:&quot;transform&quot;,&quot;jet_parallax_layout_on&quot;:[&quot;desktop&quot;,&quot;tablet&quot;]}]}\">\n\t\t\t\t\t\t<div class=\"elementor-container elementor-column-gap-default\">\n\t\t\t\t\t<div class=\"elementor-column elementor-col-100 elementor-top-column elementor-element elementor-element-9b6eb2f\" data-id=\"9b6eb2f\" data-element_type=\"column\" data-e-type=\"column\">\n\t\t\t<div class=\"elementor-widget-wrap elementor-element-populated\">\n\t\t\t\t\t\t<div class=\"elementor-element elementor-element-6d0813f elementor-align-center elementor-invisible elementor-widget elementor-widget-button\" data-id=\"6d0813f\" data-element_type=\"widget\" data-e-type=\"widget\" data-settings=\"{&quot;_animation&quot;:&quot;fadeInDown&quot;}\" data-widget_type=\"button.default\">\n\t\t\t\t<div class=\"elementor-widget-container\">\n\t\t\t\t\t\t\t\t\t<div class=\"elementor-button-wrapper\">\n\t\t\t\t\t<a class=\"elementor-button elementor-button-link elementor-size-sm\" href=\"https:\/\/geniaglobal.com\/fr\/blog\/\">\n\t\t\t\t\t\t<span class=\"elementor-button-content-wrapper\">\n\t\t\t\t\t\t\t\t\t<span class=\"elementor-button-text\">Retour au blog<\/span>\n\t\t\t\t\t<\/span>\n\t\t\t\t\t<\/a>\n\t\t\t\t<\/div>\n\t\t\t\t\t\t\t\t<\/div>\n\t\t\t\t<\/div>\n\t\t\t\t\t<\/div>\n\t\t<\/div>\n\t\t\t\t\t<\/div>\n\t\t<\/section>\n\t\t\t\t<\/div>\n\t\t","protected":false},"excerpt":{"rendered":"<p>Retour au blog<\/p>\n","protected":false},"author":3,"featured_media":0,"parent":0,"menu_order":0,"comment_status":"closed","ping_status":"closed","template":"","meta":{"footnotes":""},"class_list":["post-4568","page","type-page","status-publish","hentry"],"yoast_head":"<!-- This site is optimized with the Yoast SEO plugin v27.3 - https:\/\/yoast.com\/product\/yoast-seo-wordpress\/ -->\n<title>Tous les articles - Genia Global Energy<\/title>\n<meta name=\"description\" content=\"D\u00e9couvrez les nouvelles les plus int\u00e9ressantes du secteur des \u00e9nergies renouvelables dans lequel Genia Global est pr\u00e9sent.\" \/>\n<meta name=\"robots\" content=\"index, follow, max-snippet:-1, max-image-preview:large, max-video-preview:-1\" \/>\n<link rel=\"canonical\" href=\"https:\/\/geniaglobal.com\/fr\/tous-les-articles\/\" \/>\n<meta property=\"og:locale\" content=\"fr_FR\" \/>\n<meta property=\"og:type\" content=\"article\" \/>\n<meta property=\"og:title\" content=\"Tous les articles - Genia Global Energy\" \/>\n<meta property=\"og:description\" content=\"D\u00e9couvrez les nouvelles les plus int\u00e9ressantes du secteur des \u00e9nergies renouvelables dans lequel Genia Global est pr\u00e9sent.\" \/>\n<meta property=\"og:url\" content=\"https:\/\/geniaglobal.com\/fr\/tous-les-articles\/\" \/>\n<meta property=\"og:site_name\" content=\"Genia Global Energy\" \/>\n<meta property=\"article:modified_time\" content=\"2024-04-01T10:31:58+00:00\" \/>\n<meta name=\"twitter:card\" content=\"summary_large_image\" \/>\n<script type=\"application\/ld+json\" class=\"yoast-schema-graph\">{\"@context\":\"https:\\\/\\\/schema.org\",\"@graph\":[{\"@type\":\"WebPage\",\"@id\":\"https:\\\/\\\/geniaglobal.com\\\/fr\\\/tous-les-articles\\\/\",\"url\":\"https:\\\/\\\/geniaglobal.com\\\/fr\\\/tous-les-articles\\\/\",\"name\":\"Tous les articles - Genia Global Energy\",\"isPartOf\":{\"@id\":\"https:\\\/\\\/geniaglobal.com\\\/fr\\\/#website\"},\"datePublished\":\"2022-02-09T09:46:07+00:00\",\"dateModified\":\"2024-04-01T10:31:58+00:00\",\"description\":\"D\u00e9couvrez les nouvelles les plus int\u00e9ressantes du secteur des \u00e9nergies renouvelables dans lequel Genia Global est pr\u00e9sent.\",\"breadcrumb\":{\"@id\":\"https:\\\/\\\/geniaglobal.com\\\/fr\\\/tous-les-articles\\\/#breadcrumb\"},\"inLanguage\":\"fr-FR\",\"potentialAction\":[{\"@type\":\"ReadAction\",\"target\":[\"https:\\\/\\\/geniaglobal.com\\\/fr\\\/tous-les-articles\\\/\"]}]},{\"@type\":\"BreadcrumbList\",\"@id\":\"https:\\\/\\\/geniaglobal.com\\\/fr\\\/tous-les-articles\\\/#breadcrumb\",\"itemListElement\":[{\"@type\":\"ListItem\",\"position\":1,\"name\":\"Portada\",\"item\":\"https:\\\/\\\/geniaglobal.com\\\/fr\\\/\"},{\"@type\":\"ListItem\",\"position\":2,\"name\":\"Tous les articles\"}]},{\"@type\":\"WebSite\",\"@id\":\"https:\\\/\\\/geniaglobal.com\\\/fr\\\/#website\",\"url\":\"https:\\\/\\\/geniaglobal.com\\\/fr\\\/\",\"name\":\"Genia Global Energy\",\"description\":\"Soluciones de Eficiencia Energ\u00e9tica\",\"publisher\":{\"@id\":\"https:\\\/\\\/geniaglobal.com\\\/fr\\\/#organization\"},\"potentialAction\":[{\"@type\":\"SearchAction\",\"target\":{\"@type\":\"EntryPoint\",\"urlTemplate\":\"https:\\\/\\\/geniaglobal.com\\\/fr\\\/?s={search_term_string}\"},\"query-input\":{\"@type\":\"PropertyValueSpecification\",\"valueRequired\":true,\"valueName\":\"search_term_string\"}}],\"inLanguage\":\"fr-FR\"},{\"@type\":\"Organization\",\"@id\":\"https:\\\/\\\/geniaglobal.com\\\/fr\\\/#organization\",\"name\":\"Genia Global Energy\",\"url\":\"https:\\\/\\\/geniaglobal.com\\\/fr\\\/\",\"logo\":{\"@type\":\"ImageObject\",\"inLanguage\":\"fr-FR\",\"@id\":\"https:\\\/\\\/geniaglobal.com\\\/fr\\\/#\\\/schema\\\/logo\\\/image\\\/\",\"url\":\"https:\\\/\\\/geniaglobal.com\\\/wp-content\\\/uploads\\\/2022\\\/02\\\/cropped-logo-OK.png\",\"contentUrl\":\"https:\\\/\\\/geniaglobal.com\\\/wp-content\\\/uploads\\\/2022\\\/02\\\/cropped-logo-OK.png\",\"width\":600,\"height\":261,\"caption\":\"Genia Global Energy\"},\"image\":{\"@id\":\"https:\\\/\\\/geniaglobal.com\\\/fr\\\/#\\\/schema\\\/logo\\\/image\\\/\"}}]}<\/script>\n<!-- \/ Yoast SEO plugin. -->","yoast_head_json":{"title":"Tous les articles - Genia Global Energy","description":"D\u00e9couvrez les nouvelles les plus int\u00e9ressantes du secteur des \u00e9nergies renouvelables dans lequel Genia Global est pr\u00e9sent.","robots":{"index":"index","follow":"follow","max-snippet":"max-snippet:-1","max-image-preview":"max-image-preview:large","max-video-preview":"max-video-preview:-1"},"canonical":"https:\/\/geniaglobal.com\/fr\/tous-les-articles\/","og_locale":"fr_FR","og_type":"article","og_title":"Tous les articles - Genia Global Energy","og_description":"D\u00e9couvrez les nouvelles les plus int\u00e9ressantes du secteur des \u00e9nergies renouvelables dans lequel Genia Global est pr\u00e9sent.","og_url":"https:\/\/geniaglobal.com\/fr\/tous-les-articles\/","og_site_name":"Genia Global Energy","article_modified_time":"2024-04-01T10:31:58+00:00","twitter_card":"summary_large_image","schema":{"@context":"https:\/\/schema.org","@graph":[{"@type":"WebPage","@id":"https:\/\/geniaglobal.com\/fr\/tous-les-articles\/","url":"https:\/\/geniaglobal.com\/fr\/tous-les-articles\/","name":"Tous les articles - Genia Global Energy","isPartOf":{"@id":"https:\/\/geniaglobal.com\/fr\/#website"},"datePublished":"2022-02-09T09:46:07+00:00","dateModified":"2024-04-01T10:31:58+00:00","description":"D\u00e9couvrez les nouvelles les plus int\u00e9ressantes du secteur des \u00e9nergies renouvelables dans lequel Genia Global est pr\u00e9sent.","breadcrumb":{"@id":"https:\/\/geniaglobal.com\/fr\/tous-les-articles\/#breadcrumb"},"inLanguage":"fr-FR","potentialAction":[{"@type":"ReadAction","target":["https:\/\/geniaglobal.com\/fr\/tous-les-articles\/"]}]},{"@type":"BreadcrumbList","@id":"https:\/\/geniaglobal.com\/fr\/tous-les-articles\/#breadcrumb","itemListElement":[{"@type":"ListItem","position":1,"name":"Portada","item":"https:\/\/geniaglobal.com\/fr\/"},{"@type":"ListItem","position":2,"name":"Tous les articles"}]},{"@type":"WebSite","@id":"https:\/\/geniaglobal.com\/fr\/#website","url":"https:\/\/geniaglobal.com\/fr\/","name":"Genia Global Energy","description":"Soluciones de Eficiencia Energ\u00e9tica","publisher":{"@id":"https:\/\/geniaglobal.com\/fr\/#organization"},"potentialAction":[{"@type":"SearchAction","target":{"@type":"EntryPoint","urlTemplate":"https:\/\/geniaglobal.com\/fr\/?s={search_term_string}"},"query-input":{"@type":"PropertyValueSpecification","valueRequired":true,"valueName":"search_term_string"}}],"inLanguage":"fr-FR"},{"@type":"Organization","@id":"https:\/\/geniaglobal.com\/fr\/#organization","name":"Genia Global Energy","url":"https:\/\/geniaglobal.com\/fr\/","logo":{"@type":"ImageObject","inLanguage":"fr-FR","@id":"https:\/\/geniaglobal.com\/fr\/#\/schema\/logo\/image\/","url":"https:\/\/geniaglobal.com\/wp-content\/uploads\/2022\/02\/cropped-logo-OK.png","contentUrl":"https:\/\/geniaglobal.com\/wp-content\/uploads\/2022\/02\/cropped-logo-OK.png","width":600,"height":261,"caption":"Genia Global Energy"},"image":{"@id":"https:\/\/geniaglobal.com\/fr\/#\/schema\/logo\/image\/"}}]}},"_links":{"self":[{"href":"https:\/\/geniaglobal.com\/fr\/wp-json\/wp\/v2\/pages\/4568","targetHints":{"allow":["GET"]}}],"collection":[{"href":"https:\/\/geniaglobal.com\/fr\/wp-json\/wp\/v2\/pages"}],"about":[{"href":"https:\/\/geniaglobal.com\/fr\/wp-json\/wp\/v2\/types\/page"}],"author":[{"embeddable":true,"href":"https:\/\/geniaglobal.com\/fr\/wp-json\/wp\/v2\/users\/3"}],"replies":[{"embeddable":true,"href":"https:\/\/geniaglobal.com\/fr\/wp-json\/wp\/v2\/comments?post=4568"}],"version-history":[{"count":4,"href":"https:\/\/geniaglobal.com\/fr\/wp-json\/wp\/v2\/pages\/4568\/revisions"}],"predecessor-version":[{"id":7062,"href":"https:\/\/geniaglobal.com\/fr\/wp-json\/wp\/v2\/pages\/4568\/revisions\/7062"}],"wp:attachment":[{"href":"https:\/\/geniaglobal.com\/fr\/wp-json\/wp\/v2\/media?parent=4568"}],"curies":[{"name":"wp","href":"https:\/\/api.w.org\/{rel}","templated":true}]}}